{"id":78021,"date":"2026-03-18T10:28:35","date_gmt":"2026-03-18T09:28:35","guid":{"rendered":"https:\/\/www.tc26-bijoux.com\/?post_type=product&#038;p=78021"},"modified":"2026-03-23T11:55:51","modified_gmt":"2026-03-23T10:55:51","slug":"boucles-doreille-diamants-et-or-18-carats-lilie","status":"publish","type":"product","link":"https:\/\/www.tc26-bijoux.com\/?product=boucles-doreille-diamants-et-or-18-carats-lilie","title":{"rendered":"Boucles d&rsquo;oreille Diamants et Or 18 Carats Lilie"},"content":{"rendered":"<div class=\"flex flex-col text-sm\">\n<article class=\"text-token-text-primary w-full focus:outline-none [--shadow-height:45px] has-data-writing-block:pointer-events-none has-data-writing-block:-mt-(--shadow-height) has-data-writing-block:pt-(--shadow-height) [&amp;:has([data-writing-block])&gt;*]:pointer-events-auto scroll-mt-[calc(var(--header-height)+min(200px,max(70px,20svh)))]\" dir=\"auto\" tabindex=\"-1\" data-turn-id=\"request-WEB:a2ce2608-466d-423c-af9c-215b60db56bc-11\" data-testid=\"conversation-turn-24\" data-scroll-anchor=\"true\" data-turn=\"assistant\">\n<div class=\"text-base my-auto mx-auto pb-10 [--thread-content-margin:var(--thread-content-margin-xs,calc(var(--spacing)*4))] @w-sm\/main:[--thread-content-margin:var(--thread-content-margin-sm,calc(var(--spacing)*6))] @w-lg\/main:[--thread-content-margin:var(--thread-content-margin-lg,calc(var(--spacing)*16))] px-(--thread-content-margin)\">\n<div class=\"[--thread-content-max-width:40rem] @w-lg\/main:[--thread-content-max-width:48rem] mx-auto max-w-(--thread-content-max-width) flex-1 group\/turn-messages focus-visible:outline-hidden relative flex w-full min-w-0 flex-col agent-turn\" tabindex=\"-1\">\n<div class=\"flex max-w-full flex-col gap-4 grow\">\n<div class=\"min-h-8 text-message relative flex w-full flex-col items-end gap-2 text-start break-words whitespace-normal [.text-message+&amp;]:mt-1\" dir=\"auto\" data-message-author-role=\"assistant\" data-message-id=\"6823803e-9b98-4707-ba69-4eb98770294b\" data-message-model-slug=\"gpt-5-mini\">\n<div class=\"flex w-full flex-col gap-1 empty:hidden\">\n<div class=\"markdown prose dark:prose-invert w-full wrap-break-word light markdown-new-styling\"><\/div>\n<\/div>\n<\/div>\n<\/div>\n<div class=\"z-0 flex min-h-[46px] justify-start\">\n<section class=\"text-token-text-primary w-full focus:outline-none [--shadow-height:45px] has-data-writing-block:pointer-events-none has-data-writing-block:-mt-(--shadow-height) has-data-writing-block:pt-(--shadow-height) [&amp;:has([data-writing-block])&gt;*]:pointer-events-auto scroll-mt-(--header-height)\" dir=\"auto\" data-turn-id=\"08926d39-f52a-4750-95b8-e756d383b10b\" data-testid=\"conversation-turn-3\" data-scroll-anchor=\"false\" data-turn=\"user\"><\/section>\n<section class=\"text-token-text-primary w-full focus:outline-none [--shadow-height:45px] has-data-writing-block:pointer-events-none has-data-writing-block:-mt-(--shadow-height) has-data-writing-block:pt-(--shadow-height) [&amp;:has([data-writing-block])&gt;*]:pointer-events-auto scroll-mt-[calc(var(--header-height)+min(200px,max(70px,20svh)))]\" dir=\"auto\" data-turn-id=\"request-WEB:c590feb0-dd08-4625-99da-ad0fa40be74a-1\" data-testid=\"conversation-turn-4\" data-scroll-anchor=\"true\" data-turn=\"assistant\">\n<div class=\"text-base my-auto mx-auto pb-10 [--thread-content-margin:var(--thread-content-margin-xs,calc(var(--spacing)*4))] @w-sm\/main:[--thread-content-margin:var(--thread-content-margin-sm,calc(var(--spacing)*6))] @w-lg\/main:[--thread-content-margin:var(--thread-content-margin-lg,calc(var(--spacing)*16))] px-(--thread-content-margin)\">\n<div class=\"[--thread-content-max-width:40rem] @w-lg\/main:[--thread-content-max-width:48rem] mx-auto max-w-(--thread-content-max-width) flex-1 group\/turn-messages focus-visible:outline-hidden relative flex w-full min-w-0 flex-col agent-turn\">\n<div class=\"flex max-w-full flex-col gap-4 grow\">\n<div class=\"min-h-8 text-message relative flex w-full flex-col items-end gap-2 text-start break-words whitespace-normal outline-none keyboard-focused:focus-ring [.text-message+&amp;]:mt-1\" dir=\"auto\" tabindex=\"0\" data-message-author-role=\"assistant\" data-message-id=\"ce6d3848-04b6-46af-b920-a491274cfe99\" data-message-model-slug=\"gpt-5-3\" data-turn-start-message=\"true\">\n<div class=\"flex w-full flex-col gap-1 empty:hidden\">\n<div class=\"markdown prose dark:prose-invert w-full wrap-break-word light markdown-new-styling\">\n<p data-start=\"0\" data-end=\"220\">Les boucles d\u2019oreilles Lilie en or jaune 18 carats s\u00e9duisent par leur \u00e9l\u00e9gance d\u00e9licate et leur \u00e9clat subtil. Con\u00e7ues pour illuminer le visage avec finesse, elles associent un design intemporel \u00e0 une touche de modernit\u00e9.<\/p>\n<p data-start=\"222\" data-end=\"520\">Chaque boucle est orn\u00e9e de 20 diamants finement sertis, pour un total de 0,08 carat, apportant une brillance discr\u00e8te et raffin\u00e9e. Un pendentif d\u00e9licat vient compl\u00e9ter l\u2019ensemble, compos\u00e9 de trois diamants par boucle, totalisant 0,76 carat, qui captent la lumi\u00e8re avec intensit\u00e9 \u00e0 chaque mouvement.<\/p>\n<p data-start=\"522\" data-end=\"706\" data-is-last-node=\"\" data-is-only-node=\"\">\u00c0 la fois l\u00e9g\u00e8res et lumineuses, les boucles d\u2019oreilles Lilie sont le choix parfait pour celles qui recherchent un bijou \u00e9l\u00e9gant, id\u00e9al au quotidien comme pour des occasions sp\u00e9ciales.<\/p>\n<\/div>\n<\/div>\n<\/div>\n<\/div>\n<\/div>\n<\/div>\n<\/section>\n<\/div>\n<\/div>\n<\/div>\n<\/article>\n<\/div>\n<div class=\"pointer-events-none h-px w-px absolute bottom-0\" aria-hidden=\"true\" data-edge=\"true\"><\/div>\n","protected":false},"excerpt":{"rendered":"<p>Les boucles d\u2019oreilles Lilie en or jaune 18 carats s\u00e9duisent par leur \u00e9l\u00e9gance d\u00e9licate et leur \u00e9clat subtil. Con\u00e7ues pour illuminer le visage avec finesse, elles<span class=\"excerpt-hellip\"> [\u2026]<\/span><\/p>\n","protected":false},"featured_media":78025,"template":"","meta":{"_seopress_robots_primary_cat":"none","_seopress_titles_title":"Boucles Lilie : \u00c9clat \u00c9l\u00e9gant en Or et Diamants","_seopress_titles_desc":"","_seopress_robots_index":"","_seopress_analysis_target_kw":"","iawp_total_views":1},"product_brand":[],"product_cat":[84,15,97],"product_tag":[],"class_list":{"0":"post-78021","1":"product","2":"type-product","3":"status-publish","4":"has-post-thumbnail","6":"product_cat-creoles-diamants","7":"product_cat-home-tc26-bijoux","8":"product_cat-nos-nouveautes","10":"first","11":"instock","12":"featured","13":"shipping-taxable","14":"purchasable","15":"product-type-variable"},"_links":{"self":[{"href":"https:\/\/www.tc26-bijoux.com\/index.php?rest_route=\/wp\/v2\/product\/78021","targetHints":{"allow":["GET"]}}],"collection":[{"href":"https:\/\/www.tc26-bijoux.com\/index.php?rest_route=\/wp\/v2\/product"}],"about":[{"href":"https:\/\/www.tc26-bijoux.com\/index.php?rest_route=\/wp\/v2\/types\/product"}],"wp:featuredmedia":[{"embeddable":true,"href":"https:\/\/www.tc26-bijoux.com\/index.php?rest_route=\/wp\/v2\/media\/78025"}],"wp:attachment":[{"href":"https:\/\/www.tc26-bijoux.com\/index.php?rest_route=%2Fwp%2Fv2%2Fmedia&parent=78021"}],"wp:term":[{"taxonomy":"product_brand","embeddable":true,"href":"https:\/\/www.tc26-bijoux.com\/index.php?rest_route=%2Fwp%2Fv2%2Fproduct_brand&post=78021"},{"taxonomy":"product_cat","embeddable":true,"href":"https:\/\/www.tc26-bijoux.com\/index.php?rest_route=%2Fwp%2Fv2%2Fproduct_cat&post=78021"},{"taxonomy":"product_tag","embeddable":true,"href":"https:\/\/www.tc26-bijoux.com\/index.php?rest_route=%2Fwp%2Fv2%2Fproduct_tag&post=78021"}],"curies":[{"name":"wp","href":"https:\/\/api.w.org\/{rel}","templated":true}]}}