{"id":78053,"date":"2026-03-18T13:34:05","date_gmt":"2026-03-18T12:34:05","guid":{"rendered":"https:\/\/www.tc26-bijoux.com\/?post_type=product&#038;p=78053"},"modified":"2026-03-23T11:55:44","modified_gmt":"2026-03-23T10:55:44","slug":"riviere-diamants-salia","status":"publish","type":"product","link":"https:\/\/www.tc26-bijoux.com\/?product=riviere-diamants-salia","title":{"rendered":"Rivi\u00e8re Diamants Salia"},"content":{"rendered":"<p data-start=\"0\" data-end=\"223\">Le collier rivi\u00e8re Salia en or jaune 18 carats est une pi\u00e8ce d\u2019exception qui refl\u00e8te tout le raffinement de la haute joaillerie. \u00c9l\u00e9gant et lumineux, il sublime le cou gr\u00e2ce \u00e0 une ligne parfaitement harmonieuse de diamants.<\/p>\n<p data-start=\"225\" data-end=\"486\">Avec un poids total de 2,20 carats, chaque pierre a \u00e9t\u00e9 minutieusement s\u00e9lectionn\u00e9e et sertie avec pr\u00e9cision afin de cr\u00e9er un \u00e9clat continu et homog\u00e8ne. Ce jeu de lumi\u00e8re d\u00e9licat apporte au bijou une brillance remarquable, tout en conservant une grande finesse.<\/p>\n<p data-start=\"488\" data-end=\"719\" data-is-last-node=\"\" data-is-only-node=\"\">Intemporel et sophistiqu\u00e9, le collier rivi\u00e8re Salia se porte aussi bien lors des grandes occasions que pour rehausser une tenue plus quotidienne. V\u00e9ritable symbole de luxe discret, il s\u00e9duit par sa puret\u00e9 et son \u00e9l\u00e9gance naturelle.<\/p>\n","protected":false},"excerpt":{"rendered":"<p>Mati\u00e8re : Or 18 carat<\/p>\n<p>Couleur m\u00e9tal : Jaune<\/p>\n<p>Nature des Pierres : Diamants<\/p>\n<p>Poid total des Diamants : 2.20\u00a0 Carats<\/p>\n<p>Couleur\u00a0 des Diamants : G<\/p>\n<p>Puret\u00e9 des Diamants : VS<\/p>\n<p>R\u00e9f\u00e9rence : AN1905<\/p>\n","protected":false},"featured_media":78078,"template":"","meta":{"_seopress_robots_primary_cat":"none","_seopress_titles_title":"","_seopress_titles_desc":"","_seopress_robots_index":"","_seopress_analysis_target_kw":"","iawp_total_views":1},"product_brand":[],"product_cat":[90,15,97],"product_tag":[],"class_list":{"0":"post-78053","1":"product","2":"type-product","3":"status-publish","4":"has-post-thumbnail","6":"product_cat-colliers-rivieres","7":"product_cat-home-tc26-bijoux","8":"product_cat-nos-nouveautes","10":"first","11":"instock","12":"featured","13":"shipping-taxable","14":"purchasable","15":"product-type-variable"},"_links":{"self":[{"href":"https:\/\/www.tc26-bijoux.com\/index.php?rest_route=\/wp\/v2\/product\/78053","targetHints":{"allow":["GET"]}}],"collection":[{"href":"https:\/\/www.tc26-bijoux.com\/index.php?rest_route=\/wp\/v2\/product"}],"about":[{"href":"https:\/\/www.tc26-bijoux.com\/index.php?rest_route=\/wp\/v2\/types\/product"}],"wp:featuredmedia":[{"embeddable":true,"href":"https:\/\/www.tc26-bijoux.com\/index.php?rest_route=\/wp\/v2\/media\/78078"}],"wp:attachment":[{"href":"https:\/\/www.tc26-bijoux.com\/index.php?rest_route=%2Fwp%2Fv2%2Fmedia&parent=78053"}],"wp:term":[{"taxonomy":"product_brand","embeddable":true,"href":"https:\/\/www.tc26-bijoux.com\/index.php?rest_route=%2Fwp%2Fv2%2Fproduct_brand&post=78053"},{"taxonomy":"product_cat","embeddable":true,"href":"https:\/\/www.tc26-bijoux.com\/index.php?rest_route=%2Fwp%2Fv2%2Fproduct_cat&post=78053"},{"taxonomy":"product_tag","embeddable":true,"href":"https:\/\/www.tc26-bijoux.com\/index.php?rest_route=%2Fwp%2Fv2%2Fproduct_tag&post=78053"}],"curies":[{"name":"wp","href":"https:\/\/api.w.org\/{rel}","templated":true}]}}