{"id":78079,"date":"2026-03-18T13:45:58","date_gmt":"2026-03-18T12:45:58","guid":{"rendered":"https:\/\/www.tc26-bijoux.com\/?post_type=product&#038;p=78079"},"modified":"2026-03-23T11:55:43","modified_gmt":"2026-03-23T10:55:43","slug":"collier-diamants-et-or-18-carats-noa","status":"publish","type":"product","link":"https:\/\/www.tc26-bijoux.com\/?product=collier-diamants-et-or-18-carats-noa","title":{"rendered":"Collier Diamants et Or 18 Carats Noa"},"content":{"rendered":"<div class=\"flex flex-col text-sm pb-25\">\n<section class=\"text-token-text-primary w-full focus:outline-none [--shadow-height:45px] has-data-writing-block:pointer-events-none has-data-writing-block:-mt-(--shadow-height) has-data-writing-block:pt-(--shadow-height) [&amp;:has([data-writing-block])&gt;*]:pointer-events-auto scroll-mt-[calc(var(--header-height)+min(200px,max(70px,20svh)))]\" dir=\"auto\" data-turn-id=\"request-WEB:c590feb0-dd08-4625-99da-ad0fa40be74a-10\" data-testid=\"conversation-turn-22\" data-scroll-anchor=\"true\" data-turn=\"assistant\">\n<div class=\"text-base my-auto mx-auto pb-10 [--thread-content-margin:var(--thread-content-margin-xs,calc(var(--spacing)*4))] @w-sm\/main:[--thread-content-margin:var(--thread-content-margin-sm,calc(var(--spacing)*6))] @w-lg\/main:[--thread-content-margin:var(--thread-content-margin-lg,calc(var(--spacing)*16))] px-(--thread-content-margin)\">\n<div class=\"[--thread-content-max-width:40rem] @w-lg\/main:[--thread-content-max-width:48rem] mx-auto max-w-(--thread-content-max-width) flex-1 group\/turn-messages focus-visible:outline-hidden relative flex w-full min-w-0 flex-col agent-turn\">\n<div class=\"flex max-w-full flex-col gap-4 grow\">\n<div class=\"min-h-8 text-message relative flex w-full flex-col items-end gap-2 text-start break-words whitespace-normal outline-none keyboard-focused:focus-ring [.text-message+&amp;]:mt-1\" dir=\"auto\" tabindex=\"0\" data-message-author-role=\"assistant\" data-message-id=\"f8f1e931-50e3-43a8-b09a-af4e4f0ff771\" data-message-model-slug=\"gpt-5-mini\" data-turn-start-message=\"true\">\n<div class=\"flex w-full flex-col gap-1 empty:hidden\">\n<div class=\"markdown prose dark:prose-invert w-full wrap-break-word light markdown-new-styling\">\n<p data-start=\"0\" data-end=\"317\">Le collier Noa en or jaune 18 carats est un bijou remarquable qui allie \u00e9clat et sophistication. Il se compose de deux rang\u00e9es \u00e9l\u00e9gantes, chacune sertie de diamants d\u2019exception : 38 pierres totalisant 0,71 carat sur la premi\u00e8re rang\u00e9e, et 38 diamants suppl\u00e9mentaires pour un poids total de 2,58 carats sur la seconde.<\/p>\n<p data-start=\"319\" data-end=\"615\" data-is-last-node=\"\" data-is-only-node=\"\">Ce design harmonieux met en valeur la richesse de l\u2019or jaune tout en offrant un spectacle lumineux gr\u00e2ce \u00e0 la brillance intense des diamants. Le collier Noa est l\u2019accessoire parfait pour apporter une touche de luxe et de raffinement \u00e0 toutes vos tenues, des plus \u00e9l\u00e9gantes aux plus d\u00e9contract\u00e9es.<\/p>\n<\/div>\n<\/div>\n<\/div>\n<div class=\"puik-root not-prose not-markdown\" data-theme=\"light\">\n<div class=\"general-agent-cot-root\"><\/div>\n<\/div>\n<\/div>\n<div class=\"z-0 flex min-h-[46px] justify-start\"><\/div>\n<\/div>\n<\/div>\n<\/section>\n<\/div>\n<div class=\"pointer-events-none h-px w-px absolute bottom-0\" aria-hidden=\"true\" data-edge=\"true\"><\/div>\n","protected":false},"excerpt":{"rendered":"<p>Mati\u00e8re : Or 18 carat<\/p>\n<p>Couleur m\u00e9tal : Jaune<\/p>\n<p>Nature des Pierres : Diamants<\/p>\n<p>Poid total des Diamants : 3.29 Carats<\/p>\n<p>Couleur\u00a0 des Diamants : G<\/p>\n<p>Puret\u00e9 des Diamants : VS<\/p>\n<p>R\u00e9f\u00e9rence : AN2888<\/p>\n","protected":false},"featured_media":78083,"template":"","meta":{"_seopress_robots_primary_cat":"none","_seopress_titles_title":"Collier Diamants et Or 18 Carats Noa","_seopress_titles_desc":"","_seopress_robots_index":"","_seopress_analysis_target_kw":"","iawp_total_views":1},"product_brand":[],"product_cat":[15,97,80],"product_tag":[],"class_list":{"0":"post-78079","1":"product","2":"type-product","3":"status-publish","4":"has-post-thumbnail","6":"product_cat-home-tc26-bijoux","7":"product_cat-nos-nouveautes","8":"product_cat-pendentif-diamant","10":"first","11":"instock","12":"featured","13":"shipping-taxable","14":"purchasable","15":"product-type-variable"},"_links":{"self":[{"href":"https:\/\/www.tc26-bijoux.com\/index.php?rest_route=\/wp\/v2\/product\/78079","targetHints":{"allow":["GET"]}}],"collection":[{"href":"https:\/\/www.tc26-bijoux.com\/index.php?rest_route=\/wp\/v2\/product"}],"about":[{"href":"https:\/\/www.tc26-bijoux.com\/index.php?rest_route=\/wp\/v2\/types\/product"}],"wp:featuredmedia":[{"embeddable":true,"href":"https:\/\/www.tc26-bijoux.com\/index.php?rest_route=\/wp\/v2\/media\/78083"}],"wp:attachment":[{"href":"https:\/\/www.tc26-bijoux.com\/index.php?rest_route=%2Fwp%2Fv2%2Fmedia&parent=78079"}],"wp:term":[{"taxonomy":"product_brand","embeddable":true,"href":"https:\/\/www.tc26-bijoux.com\/index.php?rest_route=%2Fwp%2Fv2%2Fproduct_brand&post=78079"},{"taxonomy":"product_cat","embeddable":true,"href":"https:\/\/www.tc26-bijoux.com\/index.php?rest_route=%2Fwp%2Fv2%2Fproduct_cat&post=78079"},{"taxonomy":"product_tag","embeddable":true,"href":"https:\/\/www.tc26-bijoux.com\/index.php?rest_route=%2Fwp%2Fv2%2Fproduct_tag&post=78079"}],"curies":[{"name":"wp","href":"https:\/\/api.w.org\/{rel}","templated":true}]}}