{"id":78084,"date":"2026-03-18T14:08:22","date_gmt":"2026-03-18T13:08:22","guid":{"rendered":"https:\/\/www.tc26-bijoux.com\/?post_type=product&#038;p=78084"},"modified":"2026-03-23T11:55:42","modified_gmt":"2026-03-23T10:55:42","slug":"collier-diamants-et-or-18-carats-mia","status":"publish","type":"product","link":"https:\/\/www.tc26-bijoux.com\/?product=collier-diamants-et-or-18-carats-mia","title":{"rendered":"Collier Diamants et Or 18 Carats Mia"},"content":{"rendered":"<div class=\"flex flex-col text-sm pb-25\">\n<section class=\"text-token-text-primary w-full focus:outline-none [--shadow-height:45px] has-data-writing-block:pointer-events-none has-data-writing-block:-mt-(--shadow-height) has-data-writing-block:pt-(--shadow-height) [&amp;:has([data-writing-block])&gt;*]:pointer-events-auto scroll-mt-[calc(var(--header-height)+min(200px,max(70px,20svh)))]\" dir=\"auto\" data-turn-id=\"request-WEB:c590feb0-dd08-4625-99da-ad0fa40be74a-10\" data-testid=\"conversation-turn-22\" data-scroll-anchor=\"true\" data-turn=\"assistant\">\n<div class=\"text-base my-auto mx-auto pb-10 [--thread-content-margin:var(--thread-content-margin-xs,calc(var(--spacing)*4))] @w-sm\/main:[--thread-content-margin:var(--thread-content-margin-sm,calc(var(--spacing)*6))] @w-lg\/main:[--thread-content-margin:var(--thread-content-margin-lg,calc(var(--spacing)*16))] px-(--thread-content-margin)\">\n<div class=\"[--thread-content-max-width:40rem] @w-lg\/main:[--thread-content-max-width:48rem] mx-auto max-w-(--thread-content-max-width) flex-1 group\/turn-messages focus-visible:outline-hidden relative flex w-full min-w-0 flex-col agent-turn\">\n<div class=\"flex max-w-full flex-col gap-4 grow\">\n<div class=\"min-h-8 text-message relative flex w-full flex-col items-end gap-2 text-start break-words whitespace-normal outline-none keyboard-focused:focus-ring [.text-message+&amp;]:mt-1\" dir=\"auto\" tabindex=\"0\" data-message-author-role=\"assistant\" data-message-id=\"f8f1e931-50e3-43a8-b09a-af4e4f0ff771\" data-message-model-slug=\"gpt-5-mini\" data-turn-start-message=\"true\">\n<div class=\"flex w-full flex-col gap-1 empty:hidden\">\n<div class=\"markdown prose dark:prose-invert w-full wrap-break-word light markdown-new-styling\">\n<p data-start=\"0\" data-end=\"253\">Le collier double <em data-start=\"18\" data-end=\"23\">Mia<\/em> en or jaune 18 carats allie \u00e9l\u00e9gance et modernit\u00e9 avec une d\u00e9licatesse remarquable. Compos\u00e9 de deux rangs fins, il est sublim\u00e9 par 21 pierres \u00e9tincelantes, pour un total de 0,46 carat, qui captent la lumi\u00e8re \u00e0 chaque mouvement.<\/p>\n<p data-start=\"255\" data-end=\"509\" data-is-last-node=\"\" data-is-only-node=\"\">Son design raffin\u00e9 et a\u00e9rien en fait un bijou versatile, parfait pour illuminer une tenue quotidienne ou apporter une touche de sophistication lors d\u2019occasions sp\u00e9ciales. Le collier <em data-start=\"437\" data-end=\"442\">Mia<\/em> incarne la simplicit\u00e9 \u00e9l\u00e9gante et le charme discret de l\u2019or jaune.<\/p>\n<\/div>\n<\/div>\n<\/div>\n<div class=\"puik-root not-prose not-markdown\" data-theme=\"light\">\n<div class=\"general-agent-cot-root\"><\/div>\n<\/div>\n<\/div>\n<div class=\"z-0 flex min-h-[46px] justify-start\"><\/div>\n<\/div>\n<\/div>\n<\/section>\n<\/div>\n<div class=\"pointer-events-none h-px w-px absolute bottom-0\" aria-hidden=\"true\" data-edge=\"true\"><\/div>\n","protected":false},"excerpt":{"rendered":"<p>Mati\u00e8re : Or 18 carat<\/p>\n<p>Couleur m\u00e9tal : Jaune<\/p>\n<p>Nature des Pierres : Diamants<\/p>\n<p>Poid total des Diamants : 0.46 Carats<\/p>\n<p>Couleur\u00a0 des Diamants : G<\/p>\n<p>Puret\u00e9 des Diamants : VS<\/p>\n<p>R\u00e9f\u00e9rence : AN4123<\/p>\n","protected":false},"featured_media":78088,"template":"","meta":{"_seopress_robots_primary_cat":"none","_seopress_titles_title":"Collier Diamants et Or 18 Carats Mia","_seopress_titles_desc":"","_seopress_robots_index":"","_seopress_analysis_target_kw":"","iawp_total_views":1},"product_brand":[],"product_cat":[15,97,80],"product_tag":[],"class_list":{"0":"post-78084","1":"product","2":"type-product","3":"status-publish","4":"has-post-thumbnail","6":"product_cat-home-tc26-bijoux","7":"product_cat-nos-nouveautes","8":"product_cat-pendentif-diamant","10":"first","11":"instock","12":"featured","13":"shipping-taxable","14":"purchasable","15":"product-type-variable"},"_links":{"self":[{"href":"https:\/\/www.tc26-bijoux.com\/index.php?rest_route=\/wp\/v2\/product\/78084","targetHints":{"allow":["GET"]}}],"collection":[{"href":"https:\/\/www.tc26-bijoux.com\/index.php?rest_route=\/wp\/v2\/product"}],"about":[{"href":"https:\/\/www.tc26-bijoux.com\/index.php?rest_route=\/wp\/v2\/types\/product"}],"wp:featuredmedia":[{"embeddable":true,"href":"https:\/\/www.tc26-bijoux.com\/index.php?rest_route=\/wp\/v2\/media\/78088"}],"wp:attachment":[{"href":"https:\/\/www.tc26-bijoux.com\/index.php?rest_route=%2Fwp%2Fv2%2Fmedia&parent=78084"}],"wp:term":[{"taxonomy":"product_brand","embeddable":true,"href":"https:\/\/www.tc26-bijoux.com\/index.php?rest_route=%2Fwp%2Fv2%2Fproduct_brand&post=78084"},{"taxonomy":"product_cat","embeddable":true,"href":"https:\/\/www.tc26-bijoux.com\/index.php?rest_route=%2Fwp%2Fv2%2Fproduct_cat&post=78084"},{"taxonomy":"product_tag","embeddable":true,"href":"https:\/\/www.tc26-bijoux.com\/index.php?rest_route=%2Fwp%2Fv2%2Fproduct_tag&post=78084"}],"curies":[{"name":"wp","href":"https:\/\/api.w.org\/{rel}","templated":true}]}}