{"id":78290,"date":"2026-03-22T23:12:14","date_gmt":"2026-03-22T22:12:14","guid":{"rendered":"https:\/\/www.tc26-bijoux.com\/?post_type=product&#038;p=78290"},"modified":"2026-03-23T11:54:03","modified_gmt":"2026-03-23T10:54:03","slug":"bague-or-diamants-dalia","status":"publish","type":"product","link":"https:\/\/www.tc26-bijoux.com\/?product=bague-or-diamants-dalia","title":{"rendered":"Bague Or Diamants Dalia"},"content":{"rendered":"<p data-start=\"0\" data-end=\"250\">La bague Dalia en or jaune 18 carats se d\u00e9marque par son design \u00e0 la fois original et raffin\u00e9, \u00e9pousant d\u00e9licatement les contours du doigt. Sa silhouette cr\u00e9e un mouvement fluide et harmonieux, lui conf\u00e9rant une allure r\u00e9solument moderne et \u00e9l\u00e9gante.<\/p>\n<p data-start=\"252\" data-end=\"596\" data-is-last-node=\"\" data-is-only-node=\"\">\u00c0 la fois discr\u00e8tement audacieuse et sophistiqu\u00e9e, cette cr\u00e9ation met en valeur les jeux de lumi\u00e8re et les courbes du m\u00e9tal pr\u00e9cieux, r\u00e9v\u00e9lant un \u00e9clat unique \u00e0 chaque geste. La bague Dalia s\u2019adresse \u00e0 celles qui souhaitent porter un bijou chic et contemporain, empreint de caract\u00e8re, capable de sublimer la main avec finesse et distinction.<\/p>\n","protected":false},"excerpt":{"rendered":"<p>Mati\u00e8re : Or\u00a018 Carats<\/p>\n<p>Couleur m\u00e9tal : Jaune<\/p>\n<p>Couleur des\u00a0Diamants : G<\/p>\n<p>Puret\u00e9 des\u00a0Diamants : VS<\/p>\n<p>Poids diamants\u00a0 : 2.10\u00a0 Carat<\/p>\n<p>R\u00e9f\u00e9rence : AR4178<\/p>\n","protected":false},"featured_media":78329,"template":"","meta":{"_seopress_robots_primary_cat":"none","_seopress_titles_title":"","_seopress_titles_desc":"","_seopress_robots_index":"","_seopress_analysis_target_kw":"","iawp_total_views":1},"product_brand":[],"product_cat":[78,15,97],"product_tag":[],"class_list":{"0":"post-78290","1":"product","2":"type-product","3":"status-publish","4":"has-post-thumbnail","6":"product_cat-bagues-diamants","7":"product_cat-home-tc26-bijoux","8":"product_cat-nos-nouveautes","10":"first","11":"instock","12":"featured","13":"shipping-taxable","14":"purchasable","15":"product-type-variable"},"_links":{"self":[{"href":"https:\/\/www.tc26-bijoux.com\/index.php?rest_route=\/wp\/v2\/product\/78290","targetHints":{"allow":["GET"]}}],"collection":[{"href":"https:\/\/www.tc26-bijoux.com\/index.php?rest_route=\/wp\/v2\/product"}],"about":[{"href":"https:\/\/www.tc26-bijoux.com\/index.php?rest_route=\/wp\/v2\/types\/product"}],"wp:featuredmedia":[{"embeddable":true,"href":"https:\/\/www.tc26-bijoux.com\/index.php?rest_route=\/wp\/v2\/media\/78329"}],"wp:attachment":[{"href":"https:\/\/www.tc26-bijoux.com\/index.php?rest_route=%2Fwp%2Fv2%2Fmedia&parent=78290"}],"wp:term":[{"taxonomy":"product_brand","embeddable":true,"href":"https:\/\/www.tc26-bijoux.com\/index.php?rest_route=%2Fwp%2Fv2%2Fproduct_brand&post=78290"},{"taxonomy":"product_cat","embeddable":true,"href":"https:\/\/www.tc26-bijoux.com\/index.php?rest_route=%2Fwp%2Fv2%2Fproduct_cat&post=78290"},{"taxonomy":"product_tag","embeddable":true,"href":"https:\/\/www.tc26-bijoux.com\/index.php?rest_route=%2Fwp%2Fv2%2Fproduct_tag&post=78290"}],"curies":[{"name":"wp","href":"https:\/\/api.w.org\/{rel}","templated":true}]}}