{"id":78330,"date":"2026-03-23T09:54:24","date_gmt":"2026-03-23T08:54:24","guid":{"rendered":"https:\/\/www.tc26-bijoux.com\/?post_type=product&#038;p=78330"},"modified":"2026-03-23T11:54:02","modified_gmt":"2026-03-23T10:54:02","slug":"bague-or-diamants-lina","status":"publish","type":"product","link":"https:\/\/www.tc26-bijoux.com\/?product=bague-or-diamants-lina","title":{"rendered":"Bague Or Diamants Lina"},"content":{"rendered":"<div class=\"flex flex-col text-sm\">\n<section class=\"text-token-text-primary w-full focus:outline-none [--shadow-height:45px] has-data-writing-block:pointer-events-none has-data-writing-block:-mt-(--shadow-height) has-data-writing-block:pt-(--shadow-height) [&amp;:has([data-writing-block])&gt;*]:pointer-events-auto scroll-mt-[calc(var(--header-height)+min(200px,max(70px,20svh)))]\" dir=\"auto\" data-turn-id=\"request-WEB:d19f9b86-86e8-46f8-aed3-3de76ef021ed-1\" data-testid=\"conversation-turn-4\" data-scroll-anchor=\"true\" data-turn=\"assistant\">\n<div class=\"text-base my-auto mx-auto pb-10 [--thread-content-margin:var(--thread-content-margin-xs,calc(var(--spacing)*4))] @w-sm\/main:[--thread-content-margin:var(--thread-content-margin-sm,calc(var(--spacing)*6))] @w-lg\/main:[--thread-content-margin:var(--thread-content-margin-lg,calc(var(--spacing)*16))] px-(--thread-content-margin)\">\n<div class=\"[--thread-content-max-width:40rem] @w-lg\/main:[--thread-content-max-width:48rem] mx-auto max-w-(--thread-content-max-width) flex-1 group\/turn-messages focus-visible:outline-hidden relative flex w-full min-w-0 flex-col agent-turn\">\n<div class=\"flex max-w-full flex-col gap-4 grow\">\n<div class=\"min-h-8 text-message relative flex w-full flex-col items-end gap-2 text-start break-words whitespace-normal outline-none keyboard-focused:focus-ring [.text-message+&amp;]:mt-1\" dir=\"auto\" tabindex=\"0\" data-message-author-role=\"assistant\" data-message-id=\"50be8389-cc1c-4f72-a0f1-9d24ded17021\" data-message-model-slug=\"gpt-5-3\" data-turn-start-message=\"true\">\n<div class=\"flex w-full flex-col gap-1 empty:hidden\">\n<div class=\"markdown prose dark:prose-invert w-full wrap-break-word light markdown-new-styling\">\n<p data-start=\"0\" data-end=\"267\">La bague Lina en or 18 carats charme par son \u00e9l\u00e9gance lumineuse et son design finement sophistiqu\u00e9. En son centre, elle met en valeur un diamant jaune \u00e9tincelant de 0,51 carat, dont la puret\u00e9 et les reflets d\u00e9licats insufflent une touche de fra\u00eecheur et de modernit\u00e9.<\/p>\n<p data-start=\"269\" data-end=\"529\">Cette pierre centrale est sublim\u00e9e par un pavage d\u00e9licat de 44 diamants, totalisant 0,40 carat, qui entourent la monture avec \u00e9clat. De part et d\u2019autre, deux diamants suppl\u00e9mentaires de 0,12 carat viennent parfaire l\u2019ensemble, apportant \u00e9quilibre et brillance.<\/p>\n<p data-start=\"531\" data-end=\"849\" data-is-last-node=\"\" data-is-only-node=\"\">L\u2019or 18 carats, \u00e0 la fois noble et intemporel, compl\u00e8te harmonieusement cette cr\u00e9ation en lui conf\u00e9rant douceur et raffinement. Avec son allure chic et contemporaine, la bague Lina est id\u00e9ale pour illuminer aussi bien le quotidien que les instants les plus pr\u00e9cieux, incarnant un luxe discret et une f\u00e9minit\u00e9 affirm\u00e9e.<\/p>\n<\/div>\n<\/div>\n<\/div>\n<\/div>\n<div class=\"z-0 flex min-h-[46px] justify-start\"><\/div>\n<div class=\"mt-3 w-full empty:hidden\">\n<div class=\"text-center\"><\/div>\n<\/div>\n<\/div>\n<\/div>\n<\/section>\n<\/div>\n<div class=\"pointer-events-none h-px w-px absolute bottom-0\" aria-hidden=\"true\" data-edge=\"true\"><\/div>\n","protected":false},"excerpt":{"rendered":"<p>Mati\u00e8re : Or\u00a018 Carats<\/p>\n<p>Couleur m\u00e9tal : Blanc<\/p>\n<p>Nature des Pierres : Diamants et Diamants Jaune<\/p>\n<p>Couleur des\u00a0Diamants : G<\/p>\n<p>Puret\u00e9 des\u00a0Diamants : VS<\/p>\n<p>Poids diamants\u00a0 : 0.52 Carat<\/p>\n<p>Poids Tanzanite\u00a0 : 0.51 Carat<\/p>\n<p>R\u00e9f\u00e9rence : AR4110\/Y<\/p>\n","protected":false},"featured_media":78367,"template":"","meta":{"_seopress_robots_primary_cat":"none","_seopress_titles_title":"","_seopress_titles_desc":"","_seopress_robots_index":"","_seopress_analysis_target_kw":"","iawp_total_views":1},"product_brand":[],"product_cat":[78,15,97],"product_tag":[],"class_list":{"0":"post-78330","1":"product","2":"type-product","3":"status-publish","4":"has-post-thumbnail","6":"product_cat-bagues-diamants","7":"product_cat-home-tc26-bijoux","8":"product_cat-nos-nouveautes","10":"first","11":"instock","12":"featured","13":"shipping-taxable","14":"purchasable","15":"product-type-variable"},"_links":{"self":[{"href":"https:\/\/www.tc26-bijoux.com\/index.php?rest_route=\/wp\/v2\/product\/78330","targetHints":{"allow":["GET"]}}],"collection":[{"href":"https:\/\/www.tc26-bijoux.com\/index.php?rest_route=\/wp\/v2\/product"}],"about":[{"href":"https:\/\/www.tc26-bijoux.com\/index.php?rest_route=\/wp\/v2\/types\/product"}],"wp:featuredmedia":[{"embeddable":true,"href":"https:\/\/www.tc26-bijoux.com\/index.php?rest_route=\/wp\/v2\/media\/78367"}],"wp:attachment":[{"href":"https:\/\/www.tc26-bijoux.com\/index.php?rest_route=%2Fwp%2Fv2%2Fmedia&parent=78330"}],"wp:term":[{"taxonomy":"product_brand","embeddable":true,"href":"https:\/\/www.tc26-bijoux.com\/index.php?rest_route=%2Fwp%2Fv2%2Fproduct_brand&post=78330"},{"taxonomy":"product_cat","embeddable":true,"href":"https:\/\/www.tc26-bijoux.com\/index.php?rest_route=%2Fwp%2Fv2%2Fproduct_cat&post=78330"},{"taxonomy":"product_tag","embeddable":true,"href":"https:\/\/www.tc26-bijoux.com\/index.php?rest_route=%2Fwp%2Fv2%2Fproduct_tag&post=78330"}],"curies":[{"name":"wp","href":"https:\/\/api.w.org\/{rel}","templated":true}]}}