{"id":78421,"date":"2026-03-23T10:35:17","date_gmt":"2026-03-23T09:35:17","guid":{"rendered":"https:\/\/www.tc26-bijoux.com\/?post_type=product&#038;p=78421"},"modified":"2026-03-23T11:53:54","modified_gmt":"2026-03-23T10:53:54","slug":"bague-or-diamants-juliette","status":"publish","type":"product","link":"https:\/\/www.tc26-bijoux.com\/?product=bague-or-diamants-juliette","title":{"rendered":"Bague Or Diamants Juliette"},"content":{"rendered":"<div class=\"flex flex-col text-sm\">\n<section class=\"text-token-text-primary w-full focus:outline-none [--shadow-height:45px] has-data-writing-block:pointer-events-none has-data-writing-block:-mt-(--shadow-height) has-data-writing-block:pt-(--shadow-height) [&amp;:has([data-writing-block])&gt;*]:pointer-events-auto scroll-mt-[calc(var(--header-height)+min(200px,max(70px,20svh)))]\" dir=\"auto\" data-turn-id=\"request-WEB:d19f9b86-86e8-46f8-aed3-3de76ef021ed-1\" data-testid=\"conversation-turn-4\" data-scroll-anchor=\"true\" data-turn=\"assistant\">\n<div class=\"text-base my-auto mx-auto pb-10 [--thread-content-margin:var(--thread-content-margin-xs,calc(var(--spacing)*4))] @w-sm\/main:[--thread-content-margin:var(--thread-content-margin-sm,calc(var(--spacing)*6))] @w-lg\/main:[--thread-content-margin:var(--thread-content-margin-lg,calc(var(--spacing)*16))] px-(--thread-content-margin)\">\n<div class=\"[--thread-content-max-width:40rem] @w-lg\/main:[--thread-content-max-width:48rem] mx-auto max-w-(--thread-content-max-width) flex-1 group\/turn-messages focus-visible:outline-hidden relative flex w-full min-w-0 flex-col agent-turn\">\n<div class=\"flex max-w-full flex-col gap-4 grow\">\n<div class=\"min-h-8 text-message relative flex w-full flex-col items-end gap-2 text-start break-words whitespace-normal outline-none keyboard-focused:focus-ring [.text-message+&amp;]:mt-1\" dir=\"auto\" tabindex=\"0\" data-message-author-role=\"assistant\" data-message-id=\"50be8389-cc1c-4f72-a0f1-9d24ded17021\" data-message-model-slug=\"gpt-5-3\" data-turn-start-message=\"true\">\n<div class=\"flex w-full flex-col gap-1 empty:hidden\">\n<div class=\"markdown prose dark:prose-invert w-full wrap-break-word light markdown-new-styling\">\n<p data-start=\"88\" data-end=\"404\">La bague Deux en Un Juliette en or 18 carats allie \u00e9l\u00e9gance et modernit\u00e9 \u00e0 travers un design original et symbolique. Elle se compose d\u2019un anneau Toi &amp; Moi mettant en sc\u00e8ne deux diamants taille poire, totalisant 0,15 carat, qui se font face dans une parfaite harmonie, symbolisant l\u2019union et la complicit\u00e9.<\/p>\n<p data-start=\"406\" data-end=\"726\">Cet anneau est compl\u00e9t\u00e9 par un second anneau de style alliance demi-tour, d\u00e9licatement pav\u00e9 de 11 diamants totalisant 0,33 carat, qui vient enserrer le doigt avec \u00e9clat et sophistication. Chaque pierre est minutieusement sertie pour cr\u00e9er un jeu de lumi\u00e8re continu, accentuant la brillance et la finesse de l\u2019ensemble.<\/p>\n<p data-start=\"728\" data-end=\"1120\">Cette bague, d\u2019un poids total de 3,224\u202fg, allie raffinement et confort, offrant la possibilit\u00e9 de porter les deux anneaux ensemble ou s\u00e9par\u00e9ment selon l\u2019humeur et l\u2019occasion. Avec son design chic et modulable, la bague Deux en Un Juliette incarne un luxe discret, une f\u00e9minit\u00e9 affirm\u00e9e et une \u00e9l\u00e9gance intemporelle, parfaite pour illuminer le quotidien comme les instants les plus pr\u00e9cieux.<\/p>\n<\/div>\n<\/div>\n<\/div>\n<\/div>\n<\/div>\n<\/div>\n<\/section>\n<\/div>\n","protected":false},"excerpt":{"rendered":"<p>Mati\u00e8re : Or\u00a018 Carats<\/p>\n<p>Couleur m\u00e9tal : Blanc<\/p>\n<p>Nature des Pierres : Diamants<\/p>\n<p>Couleur des\u00a0Diamants : G<\/p>\n<p>Puret\u00e9 des\u00a0Diamants : VS<\/p>\n<p>Poids diamants\u00a0 : 0.15 Carat<\/p>\n<p>R\u00e9f\u00e9rence : AR3486\/Y<\/p>\n","protected":false},"featured_media":78458,"template":"","meta":{"_seopress_robots_primary_cat":"none","_seopress_titles_title":"","_seopress_titles_desc":"","_seopress_robots_index":"","_seopress_analysis_target_kw":"","iawp_total_views":1},"product_brand":[],"product_cat":[78,15,97],"product_tag":[],"class_list":{"0":"post-78421","1":"product","2":"type-product","3":"status-publish","4":"has-post-thumbnail","6":"product_cat-bagues-diamants","7":"product_cat-home-tc26-bijoux","8":"product_cat-nos-nouveautes","10":"first","11":"instock","12":"featured","13":"shipping-taxable","14":"purchasable","15":"product-type-variable"},"_links":{"self":[{"href":"https:\/\/www.tc26-bijoux.com\/index.php?rest_route=\/wp\/v2\/product\/78421","targetHints":{"allow":["GET"]}}],"collection":[{"href":"https:\/\/www.tc26-bijoux.com\/index.php?rest_route=\/wp\/v2\/product"}],"about":[{"href":"https:\/\/www.tc26-bijoux.com\/index.php?rest_route=\/wp\/v2\/types\/product"}],"wp:featuredmedia":[{"embeddable":true,"href":"https:\/\/www.tc26-bijoux.com\/index.php?rest_route=\/wp\/v2\/media\/78458"}],"wp:attachment":[{"href":"https:\/\/www.tc26-bijoux.com\/index.php?rest_route=%2Fwp%2Fv2%2Fmedia&parent=78421"}],"wp:term":[{"taxonomy":"product_brand","embeddable":true,"href":"https:\/\/www.tc26-bijoux.com\/index.php?rest_route=%2Fwp%2Fv2%2Fproduct_brand&post=78421"},{"taxonomy":"product_cat","embeddable":true,"href":"https:\/\/www.tc26-bijoux.com\/index.php?rest_route=%2Fwp%2Fv2%2Fproduct_cat&post=78421"},{"taxonomy":"product_tag","embeddable":true,"href":"https:\/\/www.tc26-bijoux.com\/index.php?rest_route=%2Fwp%2Fv2%2Fproduct_tag&post=78421"}],"curies":[{"name":"wp","href":"https:\/\/api.w.org\/{rel}","templated":true}]}}