{"id":78459,"date":"2026-03-23T10:36:45","date_gmt":"2026-03-23T09:36:45","guid":{"rendered":"https:\/\/www.tc26-bijoux.com\/?post_type=product&#038;p=78459"},"modified":"2026-03-23T11:53:53","modified_gmt":"2026-03-23T10:53:53","slug":"collier-or-18-carats-et-diamants-elia","status":"publish","type":"product","link":"https:\/\/www.tc26-bijoux.com\/?product=collier-or-18-carats-et-diamants-elia","title":{"rendered":"Collier Or 18 Carats et Diamants Elia"},"content":{"rendered":"<section class=\"text-token-text-primary w-full focus:outline-none [--shadow-height:45px] has-data-writing-block:pointer-events-none has-data-writing-block:-mt-(--shadow-height) has-data-writing-block:pt-(--shadow-height) [&amp;:has([data-writing-block])&gt;*]:pointer-events-auto scroll-mt-(--header-height)\" dir=\"auto\" data-turn-id=\"a8880911-f23f-4015-b293-ff8a90526dc7\" data-testid=\"conversation-turn-13\" data-scroll-anchor=\"false\" data-turn=\"user\"><\/section>\n<section class=\"text-token-text-primary w-full focus:outline-none [--shadow-height:45px] has-data-writing-block:pointer-events-none has-data-writing-block:-mt-(--shadow-height) has-data-writing-block:pt-(--shadow-height) [&amp;:has([data-writing-block])&gt;*]:pointer-events-auto scroll-mt-[calc(var(--header-height)+min(200px,max(70px,20svh)))]\" dir=\"auto\" data-turn-id=\"request-WEB:d19f9b86-86e8-46f8-aed3-3de76ef021ed-6\" data-testid=\"conversation-turn-14\" data-scroll-anchor=\"true\" data-turn=\"assistant\">\n<div class=\"text-base my-auto mx-auto pb-10 [--thread-content-margin:var(--thread-content-margin-xs,calc(var(--spacing)*4))] @w-sm\/main:[--thread-content-margin:var(--thread-content-margin-sm,calc(var(--spacing)*6))] @w-lg\/main:[--thread-content-margin:var(--thread-content-margin-lg,calc(var(--spacing)*16))] px-(--thread-content-margin)\">\n<div class=\"[--thread-content-max-width:40rem] @w-lg\/main:[--thread-content-max-width:48rem] mx-auto max-w-(--thread-content-max-width) flex-1 group\/turn-messages focus-visible:outline-hidden relative flex w-full min-w-0 flex-col agent-turn\">\n<div class=\"flex max-w-full flex-col gap-4 grow\">\n<div class=\"min-h-8 text-message relative flex w-full flex-col items-end gap-2 text-start break-words whitespace-normal outline-none keyboard-focused:focus-ring [.text-message+&amp;]:mt-1\" dir=\"auto\" tabindex=\"0\" data-message-author-role=\"assistant\" data-message-id=\"151318d0-df41-42d7-b211-4517751fd044\" data-message-model-slug=\"gpt-5-mini\" data-turn-start-message=\"true\">\n<div class=\"flex w-full flex-col gap-1 empty:hidden\">\n<div class=\"markdown prose dark:prose-invert w-full wrap-break-word light markdown-new-styling\">\n<p data-start=\"0\" data-end=\"261\">Le collier Elia en or 18 carats charme par son \u00e9l\u00e9gance intemporelle et son raffinement. Il est orn\u00e9 de diamants totalisant 0,19 carat, choisis pour leur puret\u00e9 GVS, assurant un \u00e9clat exceptionnel, et se compl\u00e8te d\u2019un pendentif repr\u00e9sentant l\u2019\u00e9toile de David.<\/p>\n<p data-start=\"263\" data-end=\"536\" data-is-last-node=\"\" data-is-only-node=\"\">Les diamants scintillants diffusent une lumi\u00e8re d\u00e9licate et pr\u00e9cieuse, tandis que l\u2019or 18 carats apporte luxe et noblesse \u00e0 l\u2019ensemble. Avec son design harmonieux et raffin\u00e9, le collier Elia est le choix parfait pour sublimer la silhouette avec gr\u00e2ce, finesse et modernit\u00e9.<\/p>\n<\/div>\n<\/div>\n<\/div>\n<\/div>\n<\/div>\n<\/div>\n<\/section>\n","protected":false},"excerpt":{"rendered":"<p>Mati\u00e8re : Or 18 carat<\/p>\n<p>Couleur m\u00e9tal : Jaune<\/p>\n<p>Nature des Pierres : Diamants<\/p>\n<p>Caratage\u00a0 total des Pierres\u00a0\u00a0: 0.19 carats<\/p>\n<p>Puret\u00e9 \u00a0Diamants : GVS<\/p>\n<p>R\u00e9f\u00e9rence : AN3845<\/p>\n","protected":false},"featured_media":78463,"template":"","meta":{"_seopress_robots_primary_cat":"none","_seopress_titles_title":"","_seopress_titles_desc":"","_seopress_robots_index":"","_seopress_analysis_target_kw":"","iawp_total_views":3},"product_brand":[],"product_cat":[15,97,80],"product_tag":[],"class_list":{"0":"post-78459","1":"product","2":"type-product","3":"status-publish","4":"has-post-thumbnail","6":"product_cat-home-tc26-bijoux","7":"product_cat-nos-nouveautes","8":"product_cat-pendentif-diamant","10":"first","11":"instock","12":"featured","13":"shipping-taxable","14":"purchasable","15":"product-type-variable"},"_links":{"self":[{"href":"https:\/\/www.tc26-bijoux.com\/index.php?rest_route=\/wp\/v2\/product\/78459","targetHints":{"allow":["GET"]}}],"collection":[{"href":"https:\/\/www.tc26-bijoux.com\/index.php?rest_route=\/wp\/v2\/product"}],"about":[{"href":"https:\/\/www.tc26-bijoux.com\/index.php?rest_route=\/wp\/v2\/types\/product"}],"wp:featuredmedia":[{"embeddable":true,"href":"https:\/\/www.tc26-bijoux.com\/index.php?rest_route=\/wp\/v2\/media\/78463"}],"wp:attachment":[{"href":"https:\/\/www.tc26-bijoux.com\/index.php?rest_route=%2Fwp%2Fv2%2Fmedia&parent=78459"}],"wp:term":[{"taxonomy":"product_brand","embeddable":true,"href":"https:\/\/www.tc26-bijoux.com\/index.php?rest_route=%2Fwp%2Fv2%2Fproduct_brand&post=78459"},{"taxonomy":"product_cat","embeddable":true,"href":"https:\/\/www.tc26-bijoux.com\/index.php?rest_route=%2Fwp%2Fv2%2Fproduct_cat&post=78459"},{"taxonomy":"product_tag","embeddable":true,"href":"https:\/\/www.tc26-bijoux.com\/index.php?rest_route=%2Fwp%2Fv2%2Fproduct_tag&post=78459"}],"curies":[{"name":"wp","href":"https:\/\/api.w.org\/{rel}","templated":true}]}}