{"id":78590,"date":"2026-03-23T11:20:23","date_gmt":"2026-03-23T10:20:23","guid":{"rendered":"https:\/\/www.tc26-bijoux.com\/?post_type=product&#038;p=78590"},"modified":"2026-03-23T11:53:07","modified_gmt":"2026-03-23T10:53:07","slug":"collier-or-18-carats-et-diamants-vanessa","status":"publish","type":"product","link":"https:\/\/www.tc26-bijoux.com\/?product=collier-or-18-carats-et-diamants-vanessa","title":{"rendered":"Collier Or 18 Carats et Diamants Vanessa"},"content":{"rendered":"<section class=\"text-token-text-primary w-full focus:outline-none [--shadow-height:45px] has-data-writing-block:pointer-events-none has-data-writing-block:-mt-(--shadow-height) has-data-writing-block:pt-(--shadow-height) [&amp;:has([data-writing-block])&gt;*]:pointer-events-auto scroll-mt-(--header-height)\" dir=\"auto\" data-turn-id=\"a8880911-f23f-4015-b293-ff8a90526dc7\" data-testid=\"conversation-turn-13\" data-scroll-anchor=\"false\" data-turn=\"user\"><\/section>\n<section class=\"text-token-text-primary w-full focus:outline-none [--shadow-height:45px] has-data-writing-block:pointer-events-none has-data-writing-block:-mt-(--shadow-height) has-data-writing-block:pt-(--shadow-height) [&amp;:has([data-writing-block])&gt;*]:pointer-events-auto scroll-mt-[calc(var(--header-height)+min(200px,max(70px,20svh)))]\" dir=\"auto\" data-turn-id=\"request-WEB:d19f9b86-86e8-46f8-aed3-3de76ef021ed-6\" data-testid=\"conversation-turn-14\" data-scroll-anchor=\"true\" data-turn=\"assistant\">\n<div class=\"text-base my-auto mx-auto pb-10 [--thread-content-margin:var(--thread-content-margin-xs,calc(var(--spacing)*4))] @w-sm\/main:[--thread-content-margin:var(--thread-content-margin-sm,calc(var(--spacing)*6))] @w-lg\/main:[--thread-content-margin:var(--thread-content-margin-lg,calc(var(--spacing)*16))] px-(--thread-content-margin)\">\n<div class=\"[--thread-content-max-width:40rem] @w-lg\/main:[--thread-content-max-width:48rem] mx-auto max-w-(--thread-content-max-width) flex-1 group\/turn-messages focus-visible:outline-hidden relative flex w-full min-w-0 flex-col agent-turn\">\n<div class=\"flex max-w-full flex-col gap-4 grow\">\n<div class=\"min-h-8 text-message relative flex w-full flex-col items-end gap-2 text-start break-words whitespace-normal outline-none keyboard-focused:focus-ring [.text-message+&amp;]:mt-1\" dir=\"auto\" tabindex=\"0\" data-message-author-role=\"assistant\" data-message-id=\"151318d0-df41-42d7-b211-4517751fd044\" data-message-model-slug=\"gpt-5-mini\" data-turn-start-message=\"true\">\n<div class=\"flex w-full flex-col gap-1 empty:hidden\">\n<div class=\"markdown prose dark:prose-invert w-full wrap-break-word light markdown-new-styling\">\n<p data-start=\"62\" data-end=\"313\">Le collier Vanessa en or 18 carats (18K Y) se distingue par son \u00e9l\u00e9gance a\u00e9rienne et son design raffin\u00e9. Il est sublim\u00e9 par cinq diamants scintillants, totalisant 0,39 carat, dispos\u00e9s en d\u00e9licates pampilles qui captent la lumi\u00e8re \u00e0 chaque mouvement.<\/p>\n<p data-start=\"315\" data-end=\"638\">Le pendentif, l\u00e9ger et raffin\u00e9, apporte une touche de sophistication discr\u00e8te tout en mettant en valeur la brillance naturelle des diamants. Avec un poids total de 5,812\u202fg, le collier Vanessa allie confort et luxe, faisant de ce bijou un accessoire parfait pour illuminer le quotidien ou sublimer les occasions sp\u00e9ciales.<\/p>\n<p data-start=\"640\" data-end=\"757\">\u00c9l\u00e9gant et intemporel, ce collier incarne un style raffin\u00e9 et f\u00e9minin, o\u00f9 chaque diamant apporte \u00e9clat et l\u00e9g\u00e8ret\u00e9.<\/p>\n<\/div>\n<\/div>\n<\/div>\n<\/div>\n<\/div>\n<\/div>\n<\/section>\n","protected":false},"excerpt":{"rendered":"<p>Mati\u00e8re : Or 18 carat<\/p>\n<p>Couleur m\u00e9tal : Jaune<\/p>\n<p>Nature des Pierres : Diamants<\/p>\n<p>Caratage\u00a0 total des Pierres\u00a0\u00a0: 0.39 carats<\/p>\n<p>Puret\u00e9 \u00a0Diamants : GVS<\/p>\n<p>R\u00e9f\u00e9rence : AN3845<\/p>\n","protected":false},"featured_media":78594,"template":"","meta":{"_seopress_robots_primary_cat":"none","_seopress_titles_title":"","_seopress_titles_desc":"","_seopress_robots_index":"","_seopress_analysis_target_kw":"","iawp_total_views":4},"product_brand":[],"product_cat":[15,97,80],"product_tag":[],"class_list":{"0":"post-78590","1":"product","2":"type-product","3":"status-publish","4":"has-post-thumbnail","6":"product_cat-home-tc26-bijoux","7":"product_cat-nos-nouveautes","8":"product_cat-pendentif-diamant","10":"first","11":"instock","12":"featured","13":"shipping-taxable","14":"purchasable","15":"product-type-variable"},"_links":{"self":[{"href":"https:\/\/www.tc26-bijoux.com\/index.php?rest_route=\/wp\/v2\/product\/78590","targetHints":{"allow":["GET"]}}],"collection":[{"href":"https:\/\/www.tc26-bijoux.com\/index.php?rest_route=\/wp\/v2\/product"}],"about":[{"href":"https:\/\/www.tc26-bijoux.com\/index.php?rest_route=\/wp\/v2\/types\/product"}],"wp:featuredmedia":[{"embeddable":true,"href":"https:\/\/www.tc26-bijoux.com\/index.php?rest_route=\/wp\/v2\/media\/78594"}],"wp:attachment":[{"href":"https:\/\/www.tc26-bijoux.com\/index.php?rest_route=%2Fwp%2Fv2%2Fmedia&parent=78590"}],"wp:term":[{"taxonomy":"product_brand","embeddable":true,"href":"https:\/\/www.tc26-bijoux.com\/index.php?rest_route=%2Fwp%2Fv2%2Fproduct_brand&post=78590"},{"taxonomy":"product_cat","embeddable":true,"href":"https:\/\/www.tc26-bijoux.com\/index.php?rest_route=%2Fwp%2Fv2%2Fproduct_cat&post=78590"},{"taxonomy":"product_tag","embeddable":true,"href":"https:\/\/www.tc26-bijoux.com\/index.php?rest_route=%2Fwp%2Fv2%2Fproduct_tag&post=78590"}],"curies":[{"name":"wp","href":"https:\/\/api.w.org\/{rel}","templated":true}]}}